{"id":1276,"date":"2021-06-10T21:24:33","date_gmt":"2021-06-11T01:24:33","guid":{"rendered":"http:\/\/fass.ca\/dev\/mesures-sanitaires\/"},"modified":"2022-05-10T10:51:56","modified_gmt":"2022-05-10T14:51:56","slug":"sanitary-rules","status":"publish","type":"page","link":"https:\/\/festivaldesarts.ca\/en\/sanitary-rules\/","title":{"rendered":"HEALTH SAFETY RULES"},"content":{"rendered":"[vc_row type=&#8221;in_container&#8221; full_screen_row_position=&#8221;middle&#8221; column_margin=&#8221;default&#8221; column_direction=&#8221;default&#8221; column_direction_tablet=&#8221;default&#8221; column_direction_phone=&#8221;default&#8221; scene_position=&#8221;center&#8221; text_color=&#8221;dark&#8221; text_align=&#8221;left&#8221; row_border_radius=&#8221;none&#8221; row_border_radius_applies=&#8221;bg&#8221; overlay_strength=&#8221;0.3&#8243; gradient_direction=&#8221;left_to_right&#8221; shape_divider_position=&#8221;bottom&#8221; bg_image_animation=&#8221;none&#8221;][vc_column column_padding=&#8221;no-extra-padding&#8221; column_padding_tablet=&#8221;inherit&#8221; column_padding_phone=&#8221;inherit&#8221; column_padding_position=&#8221;all&#8221; column_element_spacing=&#8221;default&#8221; background_color_opacity=&#8221;1&#8243; background_hover_color_opacity=&#8221;1&#8243; column_shadow=&#8221;none&#8221; column_border_radius=&#8221;none&#8221; column_link_target=&#8221;_self&#8221; gradient_direction=&#8221;left_to_right&#8221; overlay_strength=&#8221;0.3&#8243; width=&#8221;1\/1&#8243; tablet_width_inherit=&#8221;default&#8221; tablet_text_alignment=&#8221;default&#8221; phone_text_alignment=&#8221;default&#8221; bg_image_animation=&#8221;none&#8221; border_type=&#8221;simple&#8221; column_border_width=&#8221;none&#8221; column_border_style=&#8221;solid&#8221;][vc_column_text]The Festival des Arts de Saint-Sauveur is committed to respecting public health rules related to COVID-19 to provide you with a safe environment.<\/p>\n<p><strong>Health Measures to Be Implemented at the Big Top Venue <\/strong><strong>for the Safety of Spectators, Workers and Volunteers<\/strong><\/p>\n<p>In collaboration with multiple organizations in the cultural sector, including venue organizations, associations, producers, partners and professionals, as well as other guidelines or studies from Europe and the United States, the established measures are based on various approved reopening guidelines and particularly on measures enacted by the Direction g\u00e9n\u00e9rale de la sant\u00e9 publique du Qu\u00e9bec and the CNESST.<\/p>\n<p><strong>General measures<\/strong><\/p>\n<ul>\n<li>Alcohol-based gel dispensing stations where spectators can clean and sanitize their hands as they enter the Festival venue<\/li>\n<li>Reminder about health measures announced before the show<\/li>\n<li>Health measures will be posted in the Big Top and on the website and communicated on our social networks and in our newsletters<\/li>\n<li>Latecomers could be denied entry<\/li>\n<li>Persons showing symptoms of COVID-19 will be denied entry<\/li>\n<li>Alcohol-based hand sanitizer stations at toilet entrances and exits<\/li>\n<\/ul>\n<p><strong>Ticket counter<\/strong><\/p>\n<ul>\n<li>Card transactions will be encouraged. Payment devices (POS) to be sanitized after each use<\/li>\n<\/ul>\n<p><strong>Sanitizing of premises<\/strong><\/p>\n<ul>\n<li>With an appropriate cleaning solution and on a regular basis: washrooms, door handles, stair railings, staircase handrails, faucets in washrooms<\/li>\n<\/ul>\n<p><strong>Measures Established for Events on the EXTERNAL Sites of\u00a0 <\/strong><strong>Festival des Arts de Saint-Sauveur<\/strong><strong>\u00a0<\/strong><\/p>\n<p><strong>General measures<\/strong><\/p>\n<ul>\n<li>Alcohol-based gel dispensing stations where spectators can clean and sanitize their hands as they enter the Festival venue<\/li>\n<\/ul>\n<p><strong>Specific measures for activities:<\/strong><\/p>\n<p><strong>Dance Trails<\/strong><\/p>\n<ul>\n<li>Staggered departures \u2013 2:00, 3:00, 4:00 PM<\/li>\n<li>Reservation system with pre-established departure time<\/li>\n<li>Marked-out sections for arrival and departure areas<\/li>\n<\/ul>\n[\/vc_column_text][divider line_type=&#8221;No Line&#8221; custom_height=&#8221;400&#8243; custom_height_tablet=&#8221;200&#8243; custom_height_phone=&#8221;100&#8243;][\/vc_column][\/vc_row][vc_row type=&#8221;full_width_content&#8221; full_screen_row_position=&#8221;middle&#8221; column_margin=&#8221;default&#8221; column_direction=&#8221;default&#8221; column_direction_tablet=&#8221;default&#8221; column_direction_phone=&#8221;default&#8221; scene_position=&#8221;center&#8221; text_color=&#8221;dark&#8221; text_align=&#8221;left&#8221; row_border_radius=&#8221;none&#8221; row_border_radius_applies=&#8221;bg&#8221; overlay_strength=&#8221;0.3&#8243; gradient_direction=&#8221;left_to_right&#8221; shape_divider_position=&#8221;bottom&#8221; bg_image_animation=&#8221;none&#8221; shape_type=&#8221;&#8221;][vc_column column_padding=&#8221;no-extra-padding&#8221; column_padding_tablet=&#8221;inherit&#8221; column_padding_phone=&#8221;inherit&#8221; column_padding_position=&#8221;all&#8221; column_element_spacing=&#8221;default&#8221; background_color_opacity=&#8221;1&#8243; background_hover_color_opacity=&#8221;1&#8243; column_shadow=&#8221;none&#8221; column_border_radius=&#8221;none&#8221; column_link_target=&#8221;_self&#8221; gradient_direction=&#8221;left_to_right&#8221; overlay_strength=&#8221;0.3&#8243; width=&#8221;1\/1&#8243; tablet_width_inherit=&#8221;default&#8221; tablet_text_alignment=&#8221;default&#8221; phone_text_alignment=&#8221;default&#8221; bg_image_animation=&#8221;none&#8221; border_type=&#8221;simple&#8221; column_border_width=&#8221;none&#8221; column_border_style=&#8221;solid&#8221;][nectar_global_section id=&#8221;99&#8243;][\/vc_column][\/vc_row][vc_row type=&#8221;full_width_content&#8221; full_screen_row_position=&#8221;middle&#8221; column_margin=&#8221;default&#8221; column_direction=&#8221;default&#8221; column_direction_tablet=&#8221;default&#8221; column_direction_phone=&#8221;default&#8221; scene_position=&#8221;center&#8221; text_color=&#8221;dark&#8221; text_align=&#8221;left&#8221; row_border_radius=&#8221;none&#8221; row_border_radius_applies=&#8221;bg&#8221; overlay_strength=&#8221;0.3&#8243; gradient_direction=&#8221;left_to_right&#8221; shape_divider_position=&#8221;bottom&#8221; bg_image_animation=&#8221;none&#8221; shape_type=&#8221;&#8221;][vc_column column_padding=&#8221;no-extra-padding&#8221; column_padding_tablet=&#8221;inherit&#8221; column_padding_phone=&#8221;inherit&#8221; column_padding_position=&#8221;all&#8221; column_element_spacing=&#8221;default&#8221; background_color_opacity=&#8221;1&#8243; background_hover_color_opacity=&#8221;1&#8243; column_shadow=&#8221;none&#8221; column_border_radius=&#8221;none&#8221; column_link_target=&#8221;_self&#8221; gradient_direction=&#8221;left_to_right&#8221; overlay_strength=&#8221;0.3&#8243; width=&#8221;1\/1&#8243; tablet_width_inherit=&#8221;default&#8221; tablet_text_alignment=&#8221;default&#8221; phone_text_alignment=&#8221;default&#8221; bg_image_animation=&#8221;none&#8221; border_type=&#8221;simple&#8221; column_border_width=&#8221;none&#8221; column_border_style=&#8221;solid&#8221;][nectar_global_section id=&#8221;106&#8243;][\/vc_column][\/vc_row][vc_row type=&#8221;full_width_content&#8221; full_screen_row_position=&#8221;middle&#8221; column_margin=&#8221;default&#8221; column_direction=&#8221;default&#8221; column_direction_tablet=&#8221;default&#8221; column_direction_phone=&#8221;default&#8221; scene_position=&#8221;center&#8221; left_padding_desktop=&#8221;90&#8243; constrain_group_2=&#8221;yes&#8221; right_padding_desktop=&#8221;90&#8243; text_color=&#8221;dark&#8221; text_align=&#8221;left&#8221; row_border_radius=&#8221;none&#8221; row_border_radius_applies=&#8221;bg&#8221; overlay_strength=&#8221;0.3&#8243; gradient_direction=&#8221;left_to_right&#8221; shape_divider_position=&#8221;bottom&#8221; bg_image_animation=&#8221;none&#8221; shape_type=&#8221;&#8221;][vc_column column_padding=&#8221;no-extra-padding&#8221; column_padding_tablet=&#8221;inherit&#8221; column_padding_phone=&#8221;inherit&#8221; column_padding_position=&#8221;all&#8221; column_element_spacing=&#8221;default&#8221; background_color_opacity=&#8221;1&#8243; background_hover_color_opacity=&#8221;1&#8243; column_shadow=&#8221;none&#8221; column_border_radius=&#8221;none&#8221; column_link_target=&#8221;_self&#8221; gradient_direction=&#8221;left_to_right&#8221; overlay_strength=&#8221;0.3&#8243; width=&#8221;1\/1&#8243; tablet_width_inherit=&#8221;default&#8221; tablet_text_alignment=&#8221;default&#8221; phone_text_alignment=&#8221;default&#8221; bg_image_animation=&#8221;none&#8221; border_type=&#8221;simple&#8221; column_border_width=&#8221;none&#8221; column_border_style=&#8221;solid&#8221;][nectar_global_section id=&#8221;101&#8243;][\/vc_column][\/vc_row]\n","protected":false},"excerpt":{"rendered":"<p>[vc_row type=&#8221;in_container&#8221; full_screen_row_position=&#8221;middle&#8221; column_margin=&#8221;default&#8221; column_direction=&#8221;default&#8221; column_direction_tablet=&#8221;default&#8221; column_direction_phone=&#8221;default&#8221; scene_position=&#8221;center&#8221; text_color=&#8221;dark&#8221; text_align=&#8221;left&#8221; row_border_radius=&#8221;none&#8221; row_border_radius_applies=&#8221;bg&#8221; overlay_strength=&#8221;0.3&#8243; gradient_direction=&#8221;left_to_right&#8221; shape_divider_position=&#8221;bottom&#8221; bg_image_animation=&#8221;none&#8221;][vc_column column_padding=&#8221;no-extra-padding&#8221; column_padding_tablet=&#8221;inherit&#8221; column_padding_phone=&#8221;inherit&#8221; column_padding_position=&#8221;all&#8221; column_element_spacing=&#8221;default&#8221; background_color_opacity=&#8221;1&#8243; background_hover_color_opacity=&#8221;1&#8243; column_shadow=&#8221;none&#8221; column_border_radius=&#8221;none&#8221; column_link_target=&#8221;_self&#8221; gradient_direction=&#8221;left_to_right&#8221; overlay_strength=&#8221;0.3&#8243; width=&#8221;1\/1&#8243; tablet_width_inherit=&#8221;default&#8221;&#8230;<\/p>\n","protected":false},"author":2,"featured_media":0,"parent":0,"menu_order":0,"comment_status":"closed","ping_status":"closed","template":"","meta":{"_acf_changed":false,"footnotes":""},"class_list":["post-1276","page","type-page","status-publish"],"acf":[],"yoast_head":"<!-- This site is optimized with the Yoast SEO plugin v27.6 - https:\/\/yoast.com\/product\/yoast-seo-wordpress\/ -->\n<title>HEALTH SAFETY RULES - Le Festival des Arts de Saint-Sauveur<\/title>\n<meta name=\"robots\" content=\"index, follow, max-snippet:-1, max-image-preview:large, max-video-preview:-1\" \/>\n<link rel=\"canonical\" href=\"https:\/\/festivaldesarts.ca\/en\/sanitary-rules\/\" \/>\n<meta property=\"og:locale\" content=\"en_US\" \/>\n<meta property=\"og:type\" content=\"article\" \/>\n<meta property=\"og:title\" content=\"HEALTH SAFETY RULES - Le Festival des Arts de Saint-Sauveur\" \/>\n<meta property=\"og:description\" content=\"[vc_row type=&#8221;in_container&#8221; full_screen_row_position=&#8221;middle&#8221; column_margin=&#8221;default&#8221; column_direction=&#8221;default&#8221; column_direction_tablet=&#8221;default&#8221; column_direction_phone=&#8221;default&#8221; scene_position=&#8221;center&#8221; text_color=&#8221;dark&#8221; text_align=&#8221;left&#8221; row_border_radius=&#8221;none&#8221; row_border_radius_applies=&#8221;bg&#8221; overlay_strength=&#8221;0.3&#8243; gradient_direction=&#8221;left_to_right&#8221; shape_divider_position=&#8221;bottom&#8221; bg_image_animation=&#8221;none&#8221;][vc_column column_padding=&#8221;no-extra-padding&#8221; column_padding_tablet=&#8221;inherit&#8221; column_padding_phone=&#8221;inherit&#8221; column_padding_position=&#8221;all&#8221; column_element_spacing=&#8221;default&#8221; background_color_opacity=&#8221;1&#8243; background_hover_color_opacity=&#8221;1&#8243; column_shadow=&#8221;none&#8221; column_border_radius=&#8221;none&#8221; column_link_target=&#8221;_self&#8221; gradient_direction=&#8221;left_to_right&#8221; overlay_strength=&#8221;0.3&#8243; width=&#8221;1\/1&#8243; tablet_width_inherit=&#8221;default&#8221;...\" \/>\n<meta property=\"og:url\" content=\"https:\/\/festivaldesarts.ca\/en\/sanitary-rules\/\" \/>\n<meta property=\"og:site_name\" content=\"Le Festival des Arts de Saint-Sauveur\" \/>\n<meta property=\"article:publisher\" content=\"https:\/\/www.facebook.com\/FestivalDesArtsDeStSauveur\/\" \/>\n<meta property=\"article:modified_time\" content=\"2022-05-10T14:51:56+00:00\" \/>\n<meta name=\"twitter:card\" content=\"summary_large_image\" \/>\n<meta name=\"twitter:site\" content=\"@StSauveurFest\" \/>\n<meta name=\"twitter:label1\" content=\"Est. reading time\" \/>\n\t<meta name=\"twitter:data1\" content=\"3 minutes\" \/>\n<script type=\"application\/ld+json\" class=\"yoast-schema-graph\">{\"@context\":\"https:\\\/\\\/schema.org\",\"@graph\":[{\"@type\":\"WebPage\",\"@id\":\"https:\\\/\\\/festivaldesarts.ca\\\/en\\\/sanitary-rules\\\/\",\"url\":\"https:\\\/\\\/festivaldesarts.ca\\\/en\\\/sanitary-rules\\\/\",\"name\":\"HEALTH SAFETY RULES - Le Festival des Arts de Saint-Sauveur\",\"isPartOf\":{\"@id\":\"https:\\\/\\\/festivaldesarts.ca\\\/#website\"},\"datePublished\":\"2021-06-11T01:24:33+00:00\",\"dateModified\":\"2022-05-10T14:51:56+00:00\",\"breadcrumb\":{\"@id\":\"https:\\\/\\\/festivaldesarts.ca\\\/en\\\/sanitary-rules\\\/#breadcrumb\"},\"inLanguage\":\"en-US\",\"potentialAction\":[{\"@type\":\"ReadAction\",\"target\":[\"https:\\\/\\\/festivaldesarts.ca\\\/en\\\/sanitary-rules\\\/\"]}]},{\"@type\":\"BreadcrumbList\",\"@id\":\"https:\\\/\\\/festivaldesarts.ca\\\/en\\\/sanitary-rules\\\/#breadcrumb\",\"itemListElement\":[{\"@type\":\"ListItem\",\"position\":1,\"name\":\"Accueil\",\"item\":\"https:\\\/\\\/festivaldesarts.ca\\\/en\\\/\"},{\"@type\":\"ListItem\",\"position\":2,\"name\":\"HEALTH SAFETY RULES\"}]},{\"@type\":\"WebSite\",\"@id\":\"https:\\\/\\\/festivaldesarts.ca\\\/#website\",\"url\":\"https:\\\/\\\/festivaldesarts.ca\\\/\",\"name\":\"Le Festival des Arts de Saint-Sauveur\",\"description\":\"2025\",\"publisher\":{\"@id\":\"https:\\\/\\\/festivaldesarts.ca\\\/#organization\"},\"potentialAction\":[{\"@type\":\"SearchAction\",\"target\":{\"@type\":\"EntryPoint\",\"urlTemplate\":\"https:\\\/\\\/festivaldesarts.ca\\\/?s={search_term_string}\"},\"query-input\":{\"@type\":\"PropertyValueSpecification\",\"valueRequired\":true,\"valueName\":\"search_term_string\"}}],\"inLanguage\":\"en-US\"},{\"@type\":\"Organization\",\"@id\":\"https:\\\/\\\/festivaldesarts.ca\\\/#organization\",\"name\":\"Festival des Arts de Saint-Sauveur\",\"url\":\"https:\\\/\\\/festivaldesarts.ca\\\/\",\"logo\":{\"@type\":\"ImageObject\",\"inLanguage\":\"en-US\",\"@id\":\"https:\\\/\\\/festivaldesarts.ca\\\/#\\\/schema\\\/logo\\\/image\\\/\",\"url\":\"https:\\\/\\\/festivaldesarts.ca\\\/wp-content\\\/uploads\\\/2021\\\/06\\\/cropped-FASS-NOIR-favicon.jpg\",\"contentUrl\":\"https:\\\/\\\/festivaldesarts.ca\\\/wp-content\\\/uploads\\\/2021\\\/06\\\/cropped-FASS-NOIR-favicon.jpg\",\"width\":512,\"height\":512,\"caption\":\"Festival des Arts de Saint-Sauveur\"},\"image\":{\"@id\":\"https:\\\/\\\/festivaldesarts.ca\\\/#\\\/schema\\\/logo\\\/image\\\/\"},\"sameAs\":[\"https:\\\/\\\/www.facebook.com\\\/FestivalDesArtsDeStSauveur\\\/\",\"https:\\\/\\\/x.com\\\/StSauveurFest\",\"https:\\\/\\\/www.instagram.com\\\/saint_sauveur_festival\\\/\",\"https:\\\/\\\/www.youtube.com\\\/channel\\\/UCJpqlLLFeX8Ktmi3Kz6U-zA\"]}]}<\/script>\n<!-- \/ Yoast SEO plugin. -->","yoast_head_json":{"title":"HEALTH SAFETY RULES - Le Festival des Arts de Saint-Sauveur","robots":{"index":"index","follow":"follow","max-snippet":"max-snippet:-1","max-image-preview":"max-image-preview:large","max-video-preview":"max-video-preview:-1"},"canonical":"https:\/\/festivaldesarts.ca\/en\/sanitary-rules\/","og_locale":"en_US","og_type":"article","og_title":"HEALTH SAFETY RULES - Le Festival des Arts de Saint-Sauveur","og_description":"[vc_row type=&#8221;in_container&#8221; full_screen_row_position=&#8221;middle&#8221; column_margin=&#8221;default&#8221; column_direction=&#8221;default&#8221; column_direction_tablet=&#8221;default&#8221; column_direction_phone=&#8221;default&#8221; scene_position=&#8221;center&#8221; text_color=&#8221;dark&#8221; text_align=&#8221;left&#8221; row_border_radius=&#8221;none&#8221; row_border_radius_applies=&#8221;bg&#8221; overlay_strength=&#8221;0.3&#8243; gradient_direction=&#8221;left_to_right&#8221; shape_divider_position=&#8221;bottom&#8221; bg_image_animation=&#8221;none&#8221;][vc_column column_padding=&#8221;no-extra-padding&#8221; column_padding_tablet=&#8221;inherit&#8221; column_padding_phone=&#8221;inherit&#8221; column_padding_position=&#8221;all&#8221; column_element_spacing=&#8221;default&#8221; background_color_opacity=&#8221;1&#8243; background_hover_color_opacity=&#8221;1&#8243; column_shadow=&#8221;none&#8221; column_border_radius=&#8221;none&#8221; column_link_target=&#8221;_self&#8221; gradient_direction=&#8221;left_to_right&#8221; overlay_strength=&#8221;0.3&#8243; width=&#8221;1\/1&#8243; tablet_width_inherit=&#8221;default&#8221;...","og_url":"https:\/\/festivaldesarts.ca\/en\/sanitary-rules\/","og_site_name":"Le Festival des Arts de Saint-Sauveur","article_publisher":"https:\/\/www.facebook.com\/FestivalDesArtsDeStSauveur\/","article_modified_time":"2022-05-10T14:51:56+00:00","twitter_card":"summary_large_image","twitter_site":"@StSauveurFest","twitter_misc":{"Est. reading time":"3 minutes"},"schema":{"@context":"https:\/\/schema.org","@graph":[{"@type":"WebPage","@id":"https:\/\/festivaldesarts.ca\/en\/sanitary-rules\/","url":"https:\/\/festivaldesarts.ca\/en\/sanitary-rules\/","name":"HEALTH SAFETY RULES - Le Festival des Arts de Saint-Sauveur","isPartOf":{"@id":"https:\/\/festivaldesarts.ca\/#website"},"datePublished":"2021-06-11T01:24:33+00:00","dateModified":"2022-05-10T14:51:56+00:00","breadcrumb":{"@id":"https:\/\/festivaldesarts.ca\/en\/sanitary-rules\/#breadcrumb"},"inLanguage":"en-US","potentialAction":[{"@type":"ReadAction","target":["https:\/\/festivaldesarts.ca\/en\/sanitary-rules\/"]}]},{"@type":"BreadcrumbList","@id":"https:\/\/festivaldesarts.ca\/en\/sanitary-rules\/#breadcrumb","itemListElement":[{"@type":"ListItem","position":1,"name":"Accueil","item":"https:\/\/festivaldesarts.ca\/en\/"},{"@type":"ListItem","position":2,"name":"HEALTH SAFETY RULES"}]},{"@type":"WebSite","@id":"https:\/\/festivaldesarts.ca\/#website","url":"https:\/\/festivaldesarts.ca\/","name":"Le Festival des Arts de Saint-Sauveur","description":"2025","publisher":{"@id":"https:\/\/festivaldesarts.ca\/#organization"},"potentialAction":[{"@type":"SearchAction","target":{"@type":"EntryPoint","urlTemplate":"https:\/\/festivaldesarts.ca\/?s={search_term_string}"},"query-input":{"@type":"PropertyValueSpecification","valueRequired":true,"valueName":"search_term_string"}}],"inLanguage":"en-US"},{"@type":"Organization","@id":"https:\/\/festivaldesarts.ca\/#organization","name":"Festival des Arts de Saint-Sauveur","url":"https:\/\/festivaldesarts.ca\/","logo":{"@type":"ImageObject","inLanguage":"en-US","@id":"https:\/\/festivaldesarts.ca\/#\/schema\/logo\/image\/","url":"https:\/\/festivaldesarts.ca\/wp-content\/uploads\/2021\/06\/cropped-FASS-NOIR-favicon.jpg","contentUrl":"https:\/\/festivaldesarts.ca\/wp-content\/uploads\/2021\/06\/cropped-FASS-NOIR-favicon.jpg","width":512,"height":512,"caption":"Festival des Arts de Saint-Sauveur"},"image":{"@id":"https:\/\/festivaldesarts.ca\/#\/schema\/logo\/image\/"},"sameAs":["https:\/\/www.facebook.com\/FestivalDesArtsDeStSauveur\/","https:\/\/x.com\/StSauveurFest","https:\/\/www.instagram.com\/saint_sauveur_festival\/","https:\/\/www.youtube.com\/channel\/UCJpqlLLFeX8Ktmi3Kz6U-zA"]}]}},"_links":{"self":[{"href":"https:\/\/festivaldesarts.ca\/en\/wp-json\/wp\/v2\/pages\/1276","targetHints":{"allow":["GET"]}}],"collection":[{"href":"https:\/\/festivaldesarts.ca\/en\/wp-json\/wp\/v2\/pages"}],"about":[{"href":"https:\/\/festivaldesarts.ca\/en\/wp-json\/wp\/v2\/types\/page"}],"author":[{"embeddable":true,"href":"https:\/\/festivaldesarts.ca\/en\/wp-json\/wp\/v2\/users\/2"}],"replies":[{"embeddable":true,"href":"https:\/\/festivaldesarts.ca\/en\/wp-json\/wp\/v2\/comments?post=1276"}],"version-history":[{"count":0,"href":"https:\/\/festivaldesarts.ca\/en\/wp-json\/wp\/v2\/pages\/1276\/revisions"}],"wp:attachment":[{"href":"https:\/\/festivaldesarts.ca\/en\/wp-json\/wp\/v2\/media?parent=1276"}],"curies":[{"name":"wp","href":"https:\/\/api.w.org\/{rel}","templated":true}]}}